{"id":267,"date":"2017-09-04T12:38:47","date_gmt":"2017-09-04T10:38:47","guid":{"rendered":"http:\/\/www.art-systems.eu\/?page_id=267"},"modified":"2017-09-29T08:37:36","modified_gmt":"2017-09-29T06:37:36","slug":"arbeitsphilosophie","status":"publish","type":"page","link":"https:\/\/www.art-systems.eu\/index.php\/unternehmen\/arbeitsphilosophie\/","title":{"rendered":"Arbeitsphilosophie"},"content":{"rendered":"<h2><a href=\"https:\/\/www.art-systems.eu\/wp-content\/uploads\/2015\/09\/art_consult_s1.jpg\"><img loading=\"lazy\" class=\"alignnone size-full wp-image-27\" src=\"https:\/\/www.art-systems.eu\/wp-content\/uploads\/2015\/09\/art_consult_s1.jpg\" alt=\"art_consult_s1\" width=\"1000\" height=\"230\" srcset=\"https:\/\/www.art-systems.eu\/wp-content\/uploads\/2015\/09\/art_consult_s1.jpg 1000w, https:\/\/www.art-systems.eu\/wp-content\/uploads\/2015\/09\/art_consult_s1-300x69.jpg 300w\" sizes=\"(max-width: 1000px) 100vw, 1000px\" \/><\/a><\/h2>\n<h2><strong>Uns treibt Ihr Wohlbefinden<\/strong><\/h2>\n<p>Daf\u00fcr suchen wir nach den besten L\u00f6sungen. Und wenn wir sie am Markt nicht finden, entwickeln wir sie selbst. Das Wohlbefinden des Menschen ist allerdings eine subjektive Wahrnehmung und abh\u00e4ngig von vielen Faktoren. Deshalb l\u00e4sst sich Behaglichkeit auch nicht mit L\u00f6sungen \u201evon der Stange\u201c herstellen.<\/p>\n<p>Ein so wichtiges Anliegen wie Ihre Behaglichkeit und die Ihrer Mitarbeiter und Kunden verdient unsere ganze Aufmerksamkeit. Bevor wir Ihnen eine L\u00f6sung vorschlagen k\u00f6nnen, m\u00fcssen wir miteinander reden, und zwar offen. Nur so k\u00f6nnen wir uns richtig kennenlernen: Sie uns und wir Sie und Ihren Bedarf.<\/p>\n<p>Gemeinsam mit Ihnen entwickeln wir dann die f\u00fcr Sie passende L\u00f6sung \u2013 klar, verst\u00e4ndlich und diskret, in dem Umfang, der sinnvoll und notwendig ist. Darauf k\u00f6nnen Sie sich verlassen.<\/p>\n<p>Auf den Punkt gebracht: Bei uns genie\u00dfen Sie<\/p>\n<ul>\n<li>individuelle Betreuung \u2013 auch au\u00dferhalb der \u00fcblichen Gesch\u00e4ftszeiten<\/li>\n<li>kompetente Beratung \u2013 diskret, pers\u00f6nlich und bedarfsorientiert<\/li>\n<li>schnelle Entscheidungsfindung und -umsetzung.<\/li>\n<\/ul>\n<p>&nbsp;<\/p>\n<p><a href=\"https:\/\/www.art-systems.eu\/index.php\/kontakt\/\"><strong>Sprechen Sie uns an \u2013 jederzeit! Wir informieren Sie gerne!<\/strong> <\/a><\/p>\n","protected":false},"excerpt":{"rendered":"<p>Uns treibt Ihr Wohlbefinden Daf\u00fcr suchen wir nach den besten L\u00f6sungen. Und wenn wir sie am Markt nicht finden, entwickeln wir sie selbst. Das Wohlbefinden des Menschen ist allerdings eine subjektive Wahrnehmung und abh\u00e4ngig von vielen Faktoren. Deshalb l\u00e4sst sich Behaglichkeit auch nicht mit L\u00f6sungen \u201evon der Stange\u201c herstellen. Ein so wichtiges Anliegen wie Ihre&#8230; <\/p>\n","protected":false},"author":1,"featured_media":0,"parent":244,"menu_order":202,"comment_status":"closed","ping_status":"closed","template":"no-sidebar.php","meta":[],"_links":{"self":[{"href":"https:\/\/www.art-systems.eu\/index.php\/wp-json\/wp\/v2\/pages\/267"}],"collection":[{"href":"https:\/\/www.art-systems.eu\/index.php\/wp-json\/wp\/v2\/pages"}],"about":[{"href":"https:\/\/www.art-systems.eu\/index.php\/wp-json\/wp\/v2\/types\/page"}],"author":[{"embeddable":true,"href":"https:\/\/www.art-systems.eu\/index.php\/wp-json\/wp\/v2\/users\/1"}],"replies":[{"embeddable":true,"href":"https:\/\/www.art-systems.eu\/index.php\/wp-json\/wp\/v2\/comments?post=267"}],"version-history":[{"count":5,"href":"https:\/\/www.art-systems.eu\/index.php\/wp-json\/wp\/v2\/pages\/267\/revisions"}],"predecessor-version":[{"id":327,"href":"https:\/\/www.art-systems.eu\/index.php\/wp-json\/wp\/v2\/pages\/267\/revisions\/327"}],"up":[{"embeddable":true,"href":"https:\/\/www.art-systems.eu\/index.php\/wp-json\/wp\/v2\/pages\/244"}],"wp:attachment":[{"href":"https:\/\/www.art-systems.eu\/index.php\/wp-json\/wp\/v2\/media?parent=267"}],"curies":[{"name":"wp","href":"https:\/\/api.w.org\/{rel}","templated":true}]}}