{"id":259,"date":"2017-09-04T12:16:36","date_gmt":"2017-09-04T10:16:36","guid":{"rendered":"http:\/\/www.art-systems.eu\/?page_id=259"},"modified":"2017-09-04T14:12:29","modified_gmt":"2017-09-04T12:12:29","slug":"behagliche-raeume","status":"publish","type":"page","link":"https:\/\/www.art-systems.eu\/index.php\/leistungen\/behagliche-raeume\/","title":{"rendered":"Behagliche R\u00e4ume"},"content":{"rendered":"<h2><img loading=\"lazy\" class=\"alignnone wp-image-29 size-full\" src=\"https:\/\/www.art-systems.eu\/wp-content\/uploads\/2015\/09\/art_consult_s3.jpg\" alt=\"art_consult_s3\" width=\"1000\" height=\"230\" srcset=\"https:\/\/www.art-systems.eu\/wp-content\/uploads\/2015\/09\/art_consult_s3.jpg 1000w, https:\/\/www.art-systems.eu\/wp-content\/uploads\/2015\/09\/art_consult_s3-300x69.jpg 300w\" sizes=\"(max-width: 1000px) 100vw, 1000px\" \/><\/h2>\n<h2><strong>Wir sorgen f\u00fcr behagliche R\u00e4ume<\/strong><\/h2>\n<p>Den gr\u00f6\u00dften Einfluss auf Ihr Behaglichkeitsempfinden hat die <strong>Lufttemperatur<\/strong>. Bei welcher Temperatur Sie sich wohl f\u00fchlen, h\u00e4ngt stark von subjektiven Kriterien ab wie Bekleidung, T\u00e4tigkeit, Alter oder Geschlecht. Der behagliche Temperaturbereich in Wohngeb\u00e4uden liegt im Winter zwischen 20 und 23\u00b0C. Im Sommer werden aufgrund der leichteren Bekleidung noch Temperaturen bis 26\u00b0C als behaglich empfunden. Die Luftfeuchte in R\u00e4umen sollte mindestens 40% betragen, als angenehmer werden 55% relative <strong>Luftfeuchte<\/strong> empfunden. Auf Zugluft reagieren wir besonders empfindlich. Eine dauerhafte <strong>Luftgeschwindigkeit<\/strong> von mehr als 0,3 m\/s empfindet der Mensch als unangenehm (au\u00dfer im Sommer). Zugluft nehmen wir um so st\u00e4rker wahr, je k\u00e4lter sie ist und je konstanter sie aus einer Richtung kommt.<\/p>\n<p>All diese Behaglichkeitsst\u00f6rer k\u00f6nnen wir mit unseren Systemen so beeinflussen, dass Sie sich wohl f\u00fchlen.<\/p>\n<div id=\"accordions-280\" class=\"accordions-280 accordions\">\r\n                <div id=\"accordions-lazy-280\" class=\"accordions-lazy\">\r\n                    <\/div>\r\n        <script>\r\n            jQuery(window).load(function(){\r\n                jQuery('#accordions-lazy-280').fadeOut();\r\n                jQuery('#accordions-280 .items').fadeIn();\r\n            });\r\n        <\/script><style type='text\/css'>\r\n        @media only screen and (min-width: 1024px ){\r\n            #accordions-280 {\r\n                            width: 100%;\r\n                        }\r\n        }\r\n        @media only screen and ( min-width: 768px ) and ( max-width: 1023px ) {\r\n            #accordions-280 {\r\n                            width: 100%;\r\n                        }\r\n        }\r\n        @media only screen and ( min-width: 0px ) and ( max-width: 767px ){\r\n            #accordions-280 {\r\n                            width: 100%;\r\n                        }\r\n        }\r\n                    #accordions-280 .items {display: none;}\r\n            #accordions-280 .accordions-lazy {\r\n                text-align: center;\r\n                position: absolute;\r\n                top: 50%;\r\n                left: 50%;\r\n                transform: translate(-50%, -50%);\r\n            }\r\n            #accordions-280 {\r\n                            text-align: left;\r\n                                        background:#ffffff url() repeat scroll 0 0;\r\n                                    position: relative;\r\n        }\r\n        #accordions-280 .accordions-head{\r\n                    background:#78b63d none repeat scroll 0 0;\r\n                                    outline: none;\r\n        }\r\n        #accordions-280 .accordions-head-title{\r\n                            color:#ffffff;\r\n                            font-size:14px;\r\n                }\r\n        #accordions-280 .accordions-head-title-toggle{\r\n                    color:#ffffff;\r\n                            font-size:14px;\r\n                }\r\n        #accordions-280 .accordions-head:hover .accordions-head-title{\r\n                    color:#ffffff;\r\n                }\r\n        #accordions-280 .ui-state-active{\r\n                    background: #78b63d;\r\n                    border: none;\r\n        }\r\n        #accordions-280 .accordion-content{\r\n                            background:#ffffff none repeat scroll 0 0;\r\n                            color:#333333;\r\n                            font-size:13px;\r\n                                    border: none;\r\n        }\r\n        #accordions-280 .accordion-icons{\r\n                        color:#ffffff;\r\n                                                                    }\r\n        #accordions-280 .accordions-head:hover .accordion-icons span{\r\n                    }\r\n        #accordions-280{}\r\n#accordions-280 .accordions-head{font-family: 'Varela Round', sans-serif; font-size:14px; margin:5px 0 11px; font-weight:normal; font-weight:bold; line-height:1;}\r\n#accordions-280 .accordion-content{font-family: 'Varela Round', sans-serif; font-size:14px; line-height:1;}    <\/style>\r\n    <div class=\"items\">\r\n                        <div post_id=\"280\" itemcount=\"0\" header_id=\"header-1504522774083\" id=\"header-1504522774083\" style=\"\" class=\"accordions-head head1504522774083 border-none\" toggle-text=\"\" main-text=\"Textile Luftverteil- und Luftf\u00fchrungssysteme\">\r\n                                            <span id=\"accordion-icons-1504522774083\" class=\"accordion-icons\">\r\n                            <span class=\"accordion-icon-active accordion-plus\"><i class=\"fa fa-toggle-down\"><\/i><\/span>\r\n                            <span class=\"accordion-icon-inactive accordion-minus\"><i class=\"fa fa-toggle-up\"><\/i><\/span>\r\n                        <\/span>\r\n                        <span id=\"header-text-1504522774083\" class=\"accordions-head-title\">Textile Luftverteil- und Luftf\u00fchrungssysteme<\/span>\r\n                                        <\/div>\r\n                <div class=\"accordion-content content1504522774083 \">\r\n                    <p>Unsere textilen Luftverteil- und Luftf\u00fchrungssysteme sorgen f\u00fcr eine garantiert zugfreie Lufteinbringung in Ihre R\u00e4ume und wirken antibakteriell. Alle Textilien verf\u00fcgen \u00fcber ein Reinraumzertifikat und werden speziell f\u00fcr Sie zugeschnitten und designed.<\/p>\n<p>\u00bb <a href=\"https:\/\/www.art-systems.eu\/wp-content\/uploads\/2017\/09\/ARTTextileLuftverteilsysteme1.pdf\" target=\"_blank\" rel=\"noopener\">Mehr hierzu<\/a><\/p>\n                <\/div>\r\n                                <div post_id=\"280\" itemcount=\"1\" header_id=\"header-1504522795258\" id=\"header-1504522795258\" style=\"\" class=\"accordions-head head1504522795258 border-none\" toggle-text=\"\" main-text=\"Raum-Klima-Systeme\">\r\n                                            <span id=\"accordion-icons-1504522795258\" class=\"accordion-icons\">\r\n                            <span class=\"accordion-icon-active accordion-plus\"><i class=\"fa fa-toggle-down\"><\/i><\/span>\r\n                            <span class=\"accordion-icon-inactive accordion-minus\"><i class=\"fa fa-toggle-up\"><\/i><\/span>\r\n                        <\/span>\r\n                        <span id=\"header-text-1504522795258\" class=\"accordions-head-title\">Raum-Klima-Systeme<\/span>\r\n                                        <\/div>\r\n                <div class=\"accordion-content content1504522795258 \">\r\n                    <p>Raum-Klima-Systeme - weitere Infos folgen.<\/p>\n                <\/div>\r\n                    <\/div>\r\n    <script>\r\n        jQuery(document).ready(function($){accordions_active_index_280 = [];        })\r\n    <\/script>    <script>\r\n        jQuery(document).ready(function($){\r\n            accordion_280  = $(\"#accordions-280 .items\").accordion({\r\n                event: \"click\",\r\n                collapsible:true,\r\n                heightStyle: \"content\",\r\n                animate: (\"swing\", 1000),\r\n                navigation: true,\r\n                active: 999,\r\n                            });\r\n        })\r\n    <\/script>\r\n                <\/div>\n<p>&nbsp;<\/p>\n<p><strong><a href=\"https:\/\/www.art-systems.eu\/index.php\/kontakt\/\">Sprechen Sie uns an \u2013 jederzeit! Wir informieren Sie gerne!<\/a><\/strong><\/p>\n","protected":false},"excerpt":{"rendered":"<p>Wir sorgen f\u00fcr behagliche R\u00e4ume Den gr\u00f6\u00dften Einfluss auf Ihr Behaglichkeitsempfinden hat die Lufttemperatur. Bei welcher Temperatur Sie sich wohl f\u00fchlen, h\u00e4ngt stark von subjektiven Kriterien ab wie Bekleidung, T\u00e4tigkeit, Alter oder Geschlecht. Der behagliche Temperaturbereich in Wohngeb\u00e4uden liegt im Winter zwischen 20 und 23\u00b0C. Im Sommer werden aufgrund der leichteren Bekleidung noch Temperaturen bis&#8230; <\/p>\n","protected":false},"author":1,"featured_media":0,"parent":236,"menu_order":101,"comment_status":"closed","ping_status":"closed","template":"no-sidebar.php","meta":[],"_links":{"self":[{"href":"https:\/\/www.art-systems.eu\/index.php\/wp-json\/wp\/v2\/pages\/259"}],"collection":[{"href":"https:\/\/www.art-systems.eu\/index.php\/wp-json\/wp\/v2\/pages"}],"about":[{"href":"https:\/\/www.art-systems.eu\/index.php\/wp-json\/wp\/v2\/types\/page"}],"author":[{"embeddable":true,"href":"https:\/\/www.art-systems.eu\/index.php\/wp-json\/wp\/v2\/users\/1"}],"replies":[{"embeddable":true,"href":"https:\/\/www.art-systems.eu\/index.php\/wp-json\/wp\/v2\/comments?post=259"}],"version-history":[{"count":7,"href":"https:\/\/www.art-systems.eu\/index.php\/wp-json\/wp\/v2\/pages\/259\/revisions"}],"predecessor-version":[{"id":286,"href":"https:\/\/www.art-systems.eu\/index.php\/wp-json\/wp\/v2\/pages\/259\/revisions\/286"}],"up":[{"embeddable":true,"href":"https:\/\/www.art-systems.eu\/index.php\/wp-json\/wp\/v2\/pages\/236"}],"wp:attachment":[{"href":"https:\/\/www.art-systems.eu\/index.php\/wp-json\/wp\/v2\/media?parent=259"}],"curies":[{"name":"wp","href":"https:\/\/api.w.org\/{rel}","templated":true}]}}