{"id":251,"date":"2017-09-04T12:08:46","date_gmt":"2017-09-04T10:08:46","guid":{"rendered":"http:\/\/www.art-systems.eu\/?page_id=251"},"modified":"2017-09-22T08:04:41","modified_gmt":"2017-09-22T06:04:41","slug":"finanzierung","status":"publish","type":"page","link":"https:\/\/www.art-systems.eu\/index.php\/finanzierung\/","title":{"rendered":"Finanzierung"},"content":{"rendered":"<h2><a href=\"https:\/\/www.art-systems.eu\/wp-content\/uploads\/2017\/09\/finanzierung.jpg\"><img loading=\"lazy\" class=\"alignnone size-full wp-image-320\" src=\"https:\/\/www.art-systems.eu\/wp-content\/uploads\/2017\/09\/finanzierung.jpg\" alt=\"finanzierung\" width=\"1000\" height=\"230\" srcset=\"https:\/\/www.art-systems.eu\/wp-content\/uploads\/2017\/09\/finanzierung.jpg 1000w, https:\/\/www.art-systems.eu\/wp-content\/uploads\/2017\/09\/finanzierung-300x69.jpg 300w\" sizes=\"(max-width: 1000px) 100vw, 1000px\" \/><\/a><\/h2>\n<h2><strong>Leasing \u2013 Alternative Finanzierungsform f\u00fcr mehr Flexibilit\u00e4t<\/strong><\/h2>\n<p>Angesichts des raschen Tempos, in dem technische Innovationen die Produktzyklen unabl\u00e4ssig verk\u00fcrzen, nimmt Leasing inzwischen eine zentrale strategische Bedeutung in vielen Unternehmensplanungen ein. Die Erkenntnis, dass nicht das Eigentum, sondern das Nutzungsrecht an einem Wirtschaftsgut Werte schafft, hat sich l\u00e4ngst durchgesetzt.<\/p>\n<p>Das uns von Finanzentscheidern regelm\u00e4\u00dfig genannte Argument f\u00fcr Leasing ist, dass nach Ablauf der Leasingvertragsdauer das Objekt unkompliziert zur\u00fcckgegeben oder gegen ein technisch moderneres ausgetauscht werden kann. F\u00fcr Unternehmen ist Leasing immer interessant, wenn in neue Anlagen investiert wird. Oder wenn es darum geht, stets technisch \u201eup-to-date\u201c zu sein und z.B. Computer, Dienstwagen oder Maschinen nach nur kurzer Zeit wieder auszutauschen.<\/p>\n<p>Die genaue Kalkulierbarkeit der Kosten ist unver\u00e4ndert ein wichtiger Aspekt bei der Leasing-Nutzung, zusammen mit den Vorteilen bei der Bilanzpflege sowie der Schonung der Liquidit\u00e4t. Dar\u00fcber hinaus erm\u00f6glicht Leasing Investitionen auch ohne Einsatz von Eigenkapital. Nach dem \u201ePay-as-you-earn-Prinzip\u201c lassen sich die Leasingraten aus den erwirtschafteten Ertr\u00e4gen des Investitionsobjektes bestreiten und aus dem Cashflow direkt zuordnen.<\/p>\n<p>\u00dcber unseren Partner k\u00f6nnen wir Ihnen individuelle Investitionsl\u00f6sungen f\u00fcr ann\u00e4hernd alle mobilen Leasingg\u00fcter anbieten.<\/p>\n<p><strong><a href=\"https:\/\/www.art-systems.eu\/index.php\/kontakt\/\">Sprechen Sie uns an \u2013 jederzeit! Wir informieren Sie gerne!<\/a><\/strong><\/p>\n","protected":false},"excerpt":{"rendered":"<p>Leasing \u2013 Alternative Finanzierungsform f\u00fcr mehr Flexibilit\u00e4t Angesichts des raschen Tempos, in dem technische Innovationen die Produktzyklen unabl\u00e4ssig verk\u00fcrzen, nimmt Leasing inzwischen eine zentrale strategische Bedeutung in vielen Unternehmensplanungen ein. Die Erkenntnis, dass nicht das Eigentum, sondern das Nutzungsrecht an einem Wirtschaftsgut Werte schafft, hat sich l\u00e4ngst durchgesetzt. Das uns von Finanzentscheidern regelm\u00e4\u00dfig genannte Argument&#8230; <\/p>\n","protected":false},"author":1,"featured_media":0,"parent":0,"menu_order":300,"comment_status":"closed","ping_status":"closed","template":"no-sidebar.php","meta":[],"_links":{"self":[{"href":"https:\/\/www.art-systems.eu\/index.php\/wp-json\/wp\/v2\/pages\/251"}],"collection":[{"href":"https:\/\/www.art-systems.eu\/index.php\/wp-json\/wp\/v2\/pages"}],"about":[{"href":"https:\/\/www.art-systems.eu\/index.php\/wp-json\/wp\/v2\/types\/page"}],"author":[{"embeddable":true,"href":"https:\/\/www.art-systems.eu\/index.php\/wp-json\/wp\/v2\/users\/1"}],"replies":[{"embeddable":true,"href":"https:\/\/www.art-systems.eu\/index.php\/wp-json\/wp\/v2\/comments?post=251"}],"version-history":[{"count":5,"href":"https:\/\/www.art-systems.eu\/index.php\/wp-json\/wp\/v2\/pages\/251\/revisions"}],"predecessor-version":[{"id":321,"href":"https:\/\/www.art-systems.eu\/index.php\/wp-json\/wp\/v2\/pages\/251\/revisions\/321"}],"wp:attachment":[{"href":"https:\/\/www.art-systems.eu\/index.php\/wp-json\/wp\/v2\/media?parent=251"}],"curies":[{"name":"wp","href":"https:\/\/api.w.org\/{rel}","templated":true}]}}