{"id":236,"date":"2017-09-04T12:00:07","date_gmt":"2017-09-04T10:00:07","guid":{"rendered":"http:\/\/www.art-systems.eu\/?page_id=236"},"modified":"2017-09-04T12:14:23","modified_gmt":"2017-09-04T10:14:23","slug":"leistungen","status":"publish","type":"page","link":"https:\/\/www.art-systems.eu\/index.php\/leistungen\/","title":{"rendered":"Leistungen"},"content":{"rendered":"<h2><img loading=\"lazy\" class=\"alignnone wp-image-28 size-full\" src=\"https:\/\/www.art-systems.eu\/wp-content\/uploads\/2015\/09\/art_consult_s2.jpg\" alt=\"art_consult_s2\" width=\"1000\" height=\"230\" srcset=\"https:\/\/www.art-systems.eu\/wp-content\/uploads\/2015\/09\/art_consult_s2.jpg 1000w, https:\/\/www.art-systems.eu\/wp-content\/uploads\/2015\/09\/art_consult_s2-300x69.jpg 300w\" sizes=\"(max-width: 1000px) 100vw, 1000px\" \/><\/h2>\n<h2><strong>Wir sorgen f\u00fcr gute Luft<\/strong><\/h2>\n<p>Wohlbefinden wird stets subjektiv wahrgenommen und von vielen Faktoren beeinflusst (z.B. Intensit\u00e4t der geistigen und k\u00f6rperlichen T\u00e4tigkeit, Kleidung, physische und psychische Verfassung). Auch unsere jeweilige Umgebung beeinflusst unsere Behaglichkeit: Wenn es zu warm ist oder zu kalt, wenn die Luftfeuchte zu hoch ist oder zu niedrig, wenn es zieht oder unangenehm riecht &#8230;,\u00a0 dann f\u00fchlen wir uns nicht nur unwohl, sondern werden vielleicht auch krank.<\/p>\n<p>Jeder empfindet anders und passt sich anders an. Deshalb l\u00e4sst sich \u201eBehaglichkeit\u201c auch nicht einheitlich messen und herstellen. ART Systems kennt die Faktoren, die das Raumluftklima und die Raumluftqualit\u00e4t wesentlich beeinflussen. Mit unseren Systemen stellen wir Raumzust\u00e4nde her, in denen Ihre Mitarbeiter, Kunden und Sie sich wohl f\u00fchlen, erh\u00f6hen Ihre Lebensqualit\u00e4t und steigern nicht zuletzt den Wert Ihrer Immobilie.<\/p>\n<p><strong><a href=\"https:\/\/www.art-systems.eu\/index.php\/kontakt\/\">Sprechen Sie uns an \u2013 jederzeit! Wir informieren Sie gerne!<\/a><\/strong><\/p>\n","protected":false},"excerpt":{"rendered":"<p>Wir sorgen f\u00fcr gute Luft Wohlbefinden wird stets subjektiv wahrgenommen und von vielen Faktoren beeinflusst (z.B. Intensit\u00e4t der geistigen und k\u00f6rperlichen T\u00e4tigkeit, Kleidung, physische und psychische Verfassung). Auch unsere jeweilige Umgebung beeinflusst unsere Behaglichkeit: Wenn es zu warm ist oder zu kalt, wenn die Luftfeuchte zu hoch ist oder zu niedrig, wenn es zieht oder&#8230; <\/p>\n","protected":false},"author":1,"featured_media":0,"parent":0,"menu_order":100,"comment_status":"closed","ping_status":"closed","template":"no-sidebar.php","meta":[],"_links":{"self":[{"href":"https:\/\/www.art-systems.eu\/index.php\/wp-json\/wp\/v2\/pages\/236"}],"collection":[{"href":"https:\/\/www.art-systems.eu\/index.php\/wp-json\/wp\/v2\/pages"}],"about":[{"href":"https:\/\/www.art-systems.eu\/index.php\/wp-json\/wp\/v2\/types\/page"}],"author":[{"embeddable":true,"href":"https:\/\/www.art-systems.eu\/index.php\/wp-json\/wp\/v2\/users\/1"}],"replies":[{"embeddable":true,"href":"https:\/\/www.art-systems.eu\/index.php\/wp-json\/wp\/v2\/comments?post=236"}],"version-history":[{"count":7,"href":"https:\/\/www.art-systems.eu\/index.php\/wp-json\/wp\/v2\/pages\/236\/revisions"}],"predecessor-version":[{"id":258,"href":"https:\/\/www.art-systems.eu\/index.php\/wp-json\/wp\/v2\/pages\/236\/revisions\/258"}],"wp:attachment":[{"href":"https:\/\/www.art-systems.eu\/index.php\/wp-json\/wp\/v2\/media?parent=236"}],"curies":[{"name":"wp","href":"https:\/\/api.w.org\/{rel}","templated":true}]}}